{"id":166,"date":"2023-12-27T17:45:32","date_gmt":"2023-12-27T16:45:32","guid":{"rendered":"http:\/\/yourinkart.com\/?page_id=166"},"modified":"2024-01-17T16:56:13","modified_gmt":"2024-01-17T15:56:13","slug":"lab-girl-and-co-x-juan-pablo-raba","status":"publish","type":"page","link":"http:\/\/yourinkart.com\/index.php\/lab-girl-and-co-x-juan-pablo-raba\/","title":{"rendered":"LAB GIRL AND CO X JUAN PABLO RABA"},"content":{"rendered":"\n<p>S\u00e9rie publicitaire en trois \u00e9pisodes r\u00e9alis\u00e9 par JUAN PABLO RABA pour la nouvelle gamme capillaire de la marque LAB GIRL AND CO <\/p>\n\n\n\n<figure class=\"wp-block-video\"><video height=\"1350\" style=\"aspect-ratio: 1080 \/ 1350;\" width=\"1080\" controls src=\"http:\/\/yourinkart.com\/wp-content\/uploads\/2023\/12\/TLG_1EraParte_Cut02.mov\"><\/video><\/figure>\n\n\n\n<figure class=\"wp-block-video\"><video height=\"1080\" style=\"aspect-ratio: 1080 \/ 1080;\" width=\"1080\" controls src=\"http:\/\/yourinkart.com\/wp-content\/uploads\/2024\/01\/Sequence-02.mp4\"><\/video><\/figure>\n\n\n\n<figure class=\"wp-block-video\"><video height=\"1350\" style=\"aspect-ratio: 1080 \/ 1350;\" width=\"1080\" controls src=\"http:\/\/yourinkart.com\/wp-content\/uploads\/2024\/01\/Sequence-01.mp4\"><\/video><\/figure>\n","protected":false},"excerpt":{"rendered":"<p>S\u00e9rie publicitaire en trois \u00e9pisodes r\u00e9alis\u00e9 par JUAN PABLO RABA pour la nouvelle gamme capillaire de la marque LAB GIRL AND CO<\/p>\n","protected":false},"author":1,"featured_media":0,"parent":0,"menu_order":0,"comment_status":"closed","ping_status":"closed","template":"","meta":{"footnotes":""},"class_list":["post-166","page","type-page","status-publish","hentry"],"featured_media_urls":[],"_links":{"self":[{"href":"http:\/\/yourinkart.com\/index.php\/wp-json\/wp\/v2\/pages\/166","targetHints":{"allow":["GET"]}}],"collection":[{"href":"http:\/\/yourinkart.com\/index.php\/wp-json\/wp\/v2\/pages"}],"about":[{"href":"http:\/\/yourinkart.com\/index.php\/wp-json\/wp\/v2\/types\/page"}],"author":[{"embeddable":true,"href":"http:\/\/yourinkart.com\/index.php\/wp-json\/wp\/v2\/users\/1"}],"replies":[{"embeddable":true,"href":"http:\/\/yourinkart.com\/index.php\/wp-json\/wp\/v2\/comments?post=166"}],"version-history":[{"count":8,"href":"http:\/\/yourinkart.com\/index.php\/wp-json\/wp\/v2\/pages\/166\/revisions"}],"predecessor-version":[{"id":1013,"href":"http:\/\/yourinkart.com\/index.php\/wp-json\/wp\/v2\/pages\/166\/revisions\/1013"}],"wp:attachment":[{"href":"http:\/\/yourinkart.com\/index.php\/wp-json\/wp\/v2\/media?parent=166"}],"curies":[{"name":"wp","href":"https:\/\/api.w.org\/{rel}","templated":true}]}}