{"id":101,"date":"2023-12-27T17:45:32","date_gmt":"2023-12-27T16:45:32","guid":{"rendered":"https:\/\/yourinkart.com\/?page_id=101"},"modified":"2024-01-19T11:51:29","modified_gmt":"2024-01-19T10:51:29","slug":"realisations","status":"publish","type":"page","link":"https:\/\/yourinkart.com\/index.php\/realisations\/","title":{"rendered":"R\u00e9alisations"},"content":{"rendered":"<h3><strong>Vous souhaitez cr\u00e9er une histoire adapt\u00e9e \u00e0 vos besoins ?<\/strong><\/h3>\n<p style=\"text-align: left;\">Nous vous accompagnons durant tout le <strong>processus cr\u00e9atif et technique<\/strong> de votre projet.<\/p>\n<p style=\"text-align: left;\">De la <strong>direction artistique<\/strong> \u00e0 la <strong>production<\/strong>, nous mettons \u00e0 votre service notre <strong>inventivit\u00e9<\/strong> et <strong>savoir-faire<\/strong> pour <strong>cr\u00e9er ensemble<\/strong> le projet qui vous ressemble. \u00a0\u00a0<\/p>\n<h3 style=\"text-align: center;\"><strong>NOS CLIPS<\/strong><\/h3>\n\n\n<figure class=\"wp-block-gallery has-nested-images columns-default is-cropped wp-block-gallery-1 is-layout-flex wp-block-gallery-is-layout-flex\">\n<figure class=\"wp-block-image size-large\"><img fetchpriority=\"high\" decoding=\"async\" width=\"1024\" height=\"485\" data-id=\"62\" src=\"http:\/\/yourinkart.com\/wp-content\/uploads\/2023\/12\/Capture-decran-2023-12-19-a-16.17.09-e1705323588740-1024x485.png\" alt=\"\" class=\"wp-image-62\" srcset=\"https:\/\/yourinkart.com\/wp-content\/uploads\/2023\/12\/Capture-decran-2023-12-19-a-16.17.09-e1705323588740-1024x485.png 1024w, https:\/\/yourinkart.com\/wp-content\/uploads\/2023\/12\/Capture-decran-2023-12-19-a-16.17.09-e1705323588740-300x142.png 300w, https:\/\/yourinkart.com\/wp-content\/uploads\/2023\/12\/Capture-decran-2023-12-19-a-16.17.09-e1705323588740-768x364.png 768w, https:\/\/yourinkart.com\/wp-content\/uploads\/2023\/12\/Capture-decran-2023-12-19-a-16.17.09-e1705323588740-1536x727.png 1536w, https:\/\/yourinkart.com\/wp-content\/uploads\/2023\/12\/Capture-decran-2023-12-19-a-16.17.09-e1705323588740-2048x970.png 2048w, https:\/\/yourinkart.com\/wp-content\/uploads\/2023\/12\/Capture-decran-2023-12-19-a-16.17.09-e1705323588740-2000x947.png 2000w\" sizes=\"(max-width: 1024px) 100vw, 1024px\" \/><figcaption class=\"wp-element-caption\"><a href=\"http:\/\/yourinkart.com\/index.php\/test-realisations\/\">I never wanted<\/a> <\/figcaption><\/figure>\n\n\n\n<figure class=\"wp-block-image size-large\"><img decoding=\"async\" width=\"1024\" height=\"724\" data-id=\"397\" src=\"http:\/\/yourinkart.com\/wp-content\/uploads\/2024\/01\/Capture-decran-2023-08-27-a-14.35.55-edited-e1705323656780-1024x724.png\" alt=\"\" class=\"wp-image-397\" srcset=\"https:\/\/yourinkart.com\/wp-content\/uploads\/2024\/01\/Capture-decran-2023-08-27-a-14.35.55-edited-e1705323656780-1024x724.png 1024w, https:\/\/yourinkart.com\/wp-content\/uploads\/2024\/01\/Capture-decran-2023-08-27-a-14.35.55-edited-e1705323656780-300x212.png 300w, https:\/\/yourinkart.com\/wp-content\/uploads\/2024\/01\/Capture-decran-2023-08-27-a-14.35.55-edited-e1705323656780-768x543.png 768w, https:\/\/yourinkart.com\/wp-content\/uploads\/2024\/01\/Capture-decran-2023-08-27-a-14.35.55-edited-e1705323656780.png 1144w\" sizes=\"(max-width: 1024px) 100vw, 1024px\" \/><figcaption class=\"wp-element-caption\"><a href=\"http:\/\/yourinkart.com\/index.php\/one-last-time-2\/\">One last time<\/a> <\/figcaption><\/figure>\n\n\n\n<figure class=\"wp-block-image size-large\"><img decoding=\"async\" width=\"1024\" height=\"1024\" data-id=\"518\" src=\"http:\/\/yourinkart.com\/wp-content\/uploads\/2024\/01\/MOLLYCOVER1-copie-1024x1024.jpg\" alt=\"\" class=\"wp-image-518\" srcset=\"https:\/\/yourinkart.com\/wp-content\/uploads\/2024\/01\/MOLLYCOVER1-copie-1024x1024.jpg 1024w, https:\/\/yourinkart.com\/wp-content\/uploads\/2024\/01\/MOLLYCOVER1-copie-300x300.jpg 300w, https:\/\/yourinkart.com\/wp-content\/uploads\/2024\/01\/MOLLYCOVER1-copie-150x150.jpg 150w, https:\/\/yourinkart.com\/wp-content\/uploads\/2024\/01\/MOLLYCOVER1-copie-2000x2000.jpg 2000w\" sizes=\"(max-width: 1024px) 100vw, 1024px\" \/><figcaption class=\"wp-element-caption\"> <a href=\"http:\/\/yourinkart.com\/index.php\/one-last-time-2\/\">Fiction <\/a><\/figcaption><\/figure>\n<\/figure>\n\n\n<h3 style=\"text-align: center;\"><strong>NOS SHOOTINGS<\/strong><\/h3>\n\n\n<p><\/p>\n\n\n\n<figure class=\"wp-block-gallery has-nested-images columns-default is-cropped wp-block-gallery-2 is-layout-flex wp-block-gallery-is-layout-flex\">\n<figure class=\"wp-block-image size-large\"><img loading=\"lazy\" decoding=\"async\" width=\"683\" height=\"1024\" data-id=\"618\" src=\"http:\/\/yourinkart.com\/wp-content\/uploads\/2024\/01\/BOXBLANCHE_108-4-683x1024.jpg\" alt=\"\" class=\"wp-image-618\" srcset=\"https:\/\/yourinkart.com\/wp-content\/uploads\/2024\/01\/BOXBLANCHE_108-4-683x1024.jpg 683w, https:\/\/yourinkart.com\/wp-content\/uploads\/2024\/01\/BOXBLANCHE_108-4-200x300.jpg 200w, https:\/\/yourinkart.com\/wp-content\/uploads\/2024\/01\/BOXBLANCHE_108-4-600x900.jpg 600w, https:\/\/yourinkart.com\/wp-content\/uploads\/2024\/01\/BOXBLANCHE_108-4.jpg 1365w\" sizes=\"(max-width: 683px) 100vw, 683px\" \/><figcaption class=\"wp-element-caption\"> <a href=\"http:\/\/yourinkart.com\/index.php\/test\/\">Dans mon monde<\/a><\/figcaption><\/figure>\n\n\n\n<figure class=\"wp-block-image size-large\"><img loading=\"lazy\" decoding=\"async\" width=\"683\" height=\"1024\" data-id=\"482\" src=\"http:\/\/yourinkart.com\/wp-content\/uploads\/2024\/01\/Art_053-1-683x1024.jpg\" alt=\"\" class=\"wp-image-482\" srcset=\"https:\/\/yourinkart.com\/wp-content\/uploads\/2024\/01\/Art_053-1-683x1024.jpg 683w, https:\/\/yourinkart.com\/wp-content\/uploads\/2024\/01\/Art_053-1-200x300.jpg 200w, https:\/\/yourinkart.com\/wp-content\/uploads\/2024\/01\/Art_053-1-2000x2999.jpg 2000w, https:\/\/yourinkart.com\/wp-content\/uploads\/2024\/01\/Art_053-1-scaled.jpg 1707w\" sizes=\"(max-width: 683px) 100vw, 683px\" \/><figcaption class=\"wp-element-caption\"><a href=\"http:\/\/yourinkart.com\/index.php\/ktk\/\">KTK records <\/a><\/figcaption><\/figure>\n<\/figure>\n\n\n\n<p><\/p>\n","protected":false},"excerpt":{"rendered":"<p>Vous souhaitez cr\u00e9er une histoire adapt\u00e9e \u00e0 vos besoins ? Nous vous accompagnons durant tout le processus cr\u00e9atif et technique de votre projet. De la direction artistique \u00e0 la production, nous mettons \u00e0 votre service notre inventivit\u00e9 et savoir-faire pour cr\u00e9er ensemble le projet qui vous ressemble. \u00a0\u00a0 NOS CLIPS NOS SHOOTINGS<\/p>\n","protected":false},"author":1,"featured_media":0,"parent":0,"menu_order":0,"comment_status":"closed","ping_status":"closed","template":"","meta":{"footnotes":""},"class_list":["post-101","page","type-page","status-publish","hentry"],"featured_media_urls":[],"_links":{"self":[{"href":"https:\/\/yourinkart.com\/index.php\/wp-json\/wp\/v2\/pages\/101","targetHints":{"allow":["GET"]}}],"collection":[{"href":"https:\/\/yourinkart.com\/index.php\/wp-json\/wp\/v2\/pages"}],"about":[{"href":"https:\/\/yourinkart.com\/index.php\/wp-json\/wp\/v2\/types\/page"}],"author":[{"embeddable":true,"href":"https:\/\/yourinkart.com\/index.php\/wp-json\/wp\/v2\/users\/1"}],"replies":[{"embeddable":true,"href":"https:\/\/yourinkart.com\/index.php\/wp-json\/wp\/v2\/comments?post=101"}],"version-history":[{"count":26,"href":"https:\/\/yourinkart.com\/index.php\/wp-json\/wp\/v2\/pages\/101\/revisions"}],"predecessor-version":[{"id":1039,"href":"https:\/\/yourinkart.com\/index.php\/wp-json\/wp\/v2\/pages\/101\/revisions\/1039"}],"wp:attachment":[{"href":"https:\/\/yourinkart.com\/index.php\/wp-json\/wp\/v2\/media?parent=101"}],"curies":[{"name":"wp","href":"https:\/\/api.w.org\/{rel}","templated":true}]}}