{"id":102,"date":"2023-12-27T17:45:32","date_gmt":"2023-12-27T16:45:32","guid":{"rendered":"https:\/\/yourinkart.com\/?page_id=102"},"modified":"2024-01-17T15:31:42","modified_gmt":"2024-01-17T14:31:42","slug":"productions","status":"publish","type":"page","link":"https:\/\/yourinkart.com\/index.php\/productions\/","title":{"rendered":"Productions"},"content":{"rendered":"<h3>Vous avez une id\u00e9e, une histoire, un projet \u00e0 concr\u00e9tiser ?<\/h3>\n<p style=\"text-align: left;\">Nous vous <strong>accompagnons<\/strong> dans la production de votre projet en vous <strong>conseillant<\/strong> sur les <strong>meilleures options<\/strong> selon votre budget et d\u00e9lai.<\/p>\n<p style=\"text-align: left;\">De la <strong>gestion des lieux<\/strong> aux <strong>autorisations<\/strong>, du <strong>planning<\/strong> \u00e0 la <strong>coh\u00e9sion d&rsquo;\u00e9quipe<\/strong>, nous <strong>facilitons<\/strong> chaque \u00e9tape pour <strong>donner vie \u00e0 votre projet<\/strong>.<\/p>\n\n\n<figure class=\"wp-block-gallery has-nested-images columns-default is-cropped wp-block-gallery-1 is-layout-flex wp-block-gallery-is-layout-flex\">\n<figure class=\"wp-block-image size-large\"><img fetchpriority=\"high\" decoding=\"async\" width=\"810\" height=\"1024\" data-id=\"695\" src=\"http:\/\/yourinkart.com\/wp-content\/uploads\/2024\/01\/Capture-decran-2024-01-11-a-19.12.56-e1705323870249-810x1024.png\" alt=\"\" class=\"wp-image-695\" srcset=\"https:\/\/yourinkart.com\/wp-content\/uploads\/2024\/01\/Capture-decran-2024-01-11-a-19.12.56-e1705323870249-810x1024.png 810w, https:\/\/yourinkart.com\/wp-content\/uploads\/2024\/01\/Capture-decran-2024-01-11-a-19.12.56-e1705323870249-237x300.png 237w, https:\/\/yourinkart.com\/wp-content\/uploads\/2024\/01\/Capture-decran-2024-01-11-a-19.12.56-e1705323870249-768x970.png 768w, https:\/\/yourinkart.com\/wp-content\/uploads\/2024\/01\/Capture-decran-2024-01-11-a-19.12.56-e1705323870249-600x758.png 600w, https:\/\/yourinkart.com\/wp-content\/uploads\/2024\/01\/Capture-decran-2024-01-11-a-19.12.56-e1705323870249.png 899w\" sizes=\"(max-width: 810px) 100vw, 810px\" \/><figcaption class=\"wp-element-caption\"><a href=\"http:\/\/yourinkart.com\/index.php\/lab-girl-and-co-x-juan-pablo-raba\/\">Voulez vous dormir avec moi? <\/a><strong> <\/strong><\/figcaption><\/figure>\n\n\n\n<figure class=\"wp-block-image size-large\"><img decoding=\"async\" data-id=\"431\" src=\"http:\/\/yourinkart.com\/wp-content\/uploads\/2024\/01\/AKIRA_GALAXY_COVERS8.tif\" alt=\"\" class=\"wp-image-431\"\/><figcaption class=\"wp-element-caption\"><a href=\"http:\/\/yourinkart.com\/index.php\/virtual-eyes\/\">Virtual Eyes <\/a><\/figcaption><\/figure>\n\n\n\n<figure class=\"wp-block-image size-large\"><img decoding=\"async\" width=\"1024\" height=\"576\" data-id=\"307\" src=\"http:\/\/yourinkart.com\/wp-content\/uploads\/2024\/01\/AKIRA_GALAXY_TEARDROP_STILLS_23-1024x576.jpg\" alt=\"\" class=\"wp-image-307\" srcset=\"https:\/\/yourinkart.com\/wp-content\/uploads\/2024\/01\/AKIRA_GALAXY_TEARDROP_STILLS_23-1024x576.jpg 1024w, https:\/\/yourinkart.com\/wp-content\/uploads\/2024\/01\/AKIRA_GALAXY_TEARDROP_STILLS_23-300x169.jpg 300w, https:\/\/yourinkart.com\/wp-content\/uploads\/2024\/01\/AKIRA_GALAXY_TEARDROP_STILLS_23.jpg 1920w\" sizes=\"(max-width: 1024px) 100vw, 1024px\" \/><figcaption class=\"wp-element-caption\"><a href=\"http:\/\/yourinkart.com\/index.php\/teardrop\/\">Teardrop<\/a>p <\/figcaption><\/figure>\n<\/figure>\n\n\n\n<p><\/p>\n\n\n\n<p><\/p>\n\n\n\n<p><\/p>\n\n\n\n<p><\/p>\n\n\n\n<p><\/p>\n\n\n\n<p><\/p>\n\n\n\n<p><\/p>\n\n\n\n<p><\/p>\n","protected":false},"excerpt":{"rendered":"<p>Vous avez une id\u00e9e, une histoire, un projet \u00e0 concr\u00e9tiser ? Nous vous accompagnons dans la production de votre projet en vous conseillant sur les meilleures options selon votre budget et d\u00e9lai. De la gestion des lieux aux autorisations, du planning \u00e0 la coh\u00e9sion d&rsquo;\u00e9quipe, nous facilitons chaque \u00e9tape pour donner vie \u00e0 votre projet.<\/p>\n","protected":false},"author":1,"featured_media":0,"parent":0,"menu_order":0,"comment_status":"closed","ping_status":"closed","template":"","meta":{"footnotes":""},"class_list":["post-102","page","type-page","status-publish","hentry"],"featured_media_urls":[],"_links":{"self":[{"href":"https:\/\/yourinkart.com\/index.php\/wp-json\/wp\/v2\/pages\/102","targetHints":{"allow":["GET"]}}],"collection":[{"href":"https:\/\/yourinkart.com\/index.php\/wp-json\/wp\/v2\/pages"}],"about":[{"href":"https:\/\/yourinkart.com\/index.php\/wp-json\/wp\/v2\/types\/page"}],"author":[{"embeddable":true,"href":"https:\/\/yourinkart.com\/index.php\/wp-json\/wp\/v2\/users\/1"}],"replies":[{"embeddable":true,"href":"https:\/\/yourinkart.com\/index.php\/wp-json\/wp\/v2\/comments?post=102"}],"version-history":[{"count":23,"href":"https:\/\/yourinkart.com\/index.php\/wp-json\/wp\/v2\/pages\/102\/revisions"}],"predecessor-version":[{"id":985,"href":"https:\/\/yourinkart.com\/index.php\/wp-json\/wp\/v2\/pages\/102\/revisions\/985"}],"wp:attachment":[{"href":"https:\/\/yourinkart.com\/index.php\/wp-json\/wp\/v2\/media?parent=102"}],"curies":[{"name":"wp","href":"https:\/\/api.w.org\/{rel}","templated":true}]}}