{"id":107,"date":"2023-12-27T15:42:16","date_gmt":"2023-12-27T14:42:16","guid":{"rendered":"https:\/\/yourinkart.com\/?page_id=107"},"modified":"2024-01-19T11:11:03","modified_gmt":"2024-01-19T10:11:03","slug":"your-ink","status":"publish","type":"page","link":"https:\/\/yourinkart.com\/","title":{"rendered":""},"content":{"rendered":"\n\n<p style=\"text-align: center;\"><span class=\"OYPEnA text-decoration-none text-strikethrough-none\">Your Ink est une <strong>bo\u00eete de production<\/strong> sp\u00e9cialis\u00e9e dans la <strong>r\u00e9alisation<\/strong> et la <strong>sc\u00e9nographie<\/strong>.\u00a0<\/span><\/p>\n<p style=\"text-align: center;\"><span class=\"OYPEnA text-decoration-none text-strikethrough-none\">Notre proposition : cr\u00e9er un <strong>univers authentique<\/strong> qui vous ressemble, une <strong>exp\u00e9rience visuelle<\/strong> <strong>unique,<\/strong>\u00a0<strong>captivante et s\u00e9duisante<\/strong>.<\/span><\/p>\n<p style=\"text-align: center;\"><span class=\"OYPEnA text-decoration-none text-strikethrough-none\">Chez Your Ink, chaque <strong>image<\/strong> est <strong>une aventure<\/strong>, chaque <strong>projet<\/strong> est <strong>une signature<\/strong>.\u00a0<\/span><\/p>\n\n\n<figure class=\"wp-block-video\"><video height=\"720\" style=\"aspect-ratio: 1280 \/ 720;\" width=\"1280\" controls src=\"http:\/\/yourinkart.com\/wp-content\/uploads\/2024\/01\/Sequence-01_1.mp4\"><\/video><\/figure>\n","protected":false},"excerpt":{"rendered":"<p>Your Ink est une bo\u00eete de production sp\u00e9cialis\u00e9e dans la r\u00e9alisation et la sc\u00e9nographie.\u00a0 Notre proposition : cr\u00e9er un univers authentique qui vous ressemble, une exp\u00e9rience visuelle unique,\u00a0captivante et s\u00e9duisante. Chez Your Ink, chaque image est une aventure, chaque projet est une signature.\u00a0<\/p>\n","protected":false},"author":1,"featured_media":0,"parent":0,"menu_order":0,"comment_status":"closed","ping_status":"closed","template":"","meta":{"footnotes":""},"class_list":["post-107","page","type-page","status-publish","hentry"],"featured_media_urls":[],"_links":{"self":[{"href":"https:\/\/yourinkart.com\/index.php\/wp-json\/wp\/v2\/pages\/107","targetHints":{"allow":["GET"]}}],"collection":[{"href":"https:\/\/yourinkart.com\/index.php\/wp-json\/wp\/v2\/pages"}],"about":[{"href":"https:\/\/yourinkart.com\/index.php\/wp-json\/wp\/v2\/types\/page"}],"author":[{"embeddable":true,"href":"https:\/\/yourinkart.com\/index.php\/wp-json\/wp\/v2\/users\/1"}],"replies":[{"embeddable":true,"href":"https:\/\/yourinkart.com\/index.php\/wp-json\/wp\/v2\/comments?post=107"}],"version-history":[{"count":23,"href":"https:\/\/yourinkart.com\/index.php\/wp-json\/wp\/v2\/pages\/107\/revisions"}],"predecessor-version":[{"id":1033,"href":"https:\/\/yourinkart.com\/index.php\/wp-json\/wp\/v2\/pages\/107\/revisions\/1033"}],"wp:attachment":[{"href":"https:\/\/yourinkart.com\/index.php\/wp-json\/wp\/v2\/media?parent=107"}],"curies":[{"name":"wp","href":"https:\/\/api.w.org\/{rel}","templated":true}]}}