{"id":163,"date":"2023-12-27T17:45:32","date_gmt":"2023-12-27T16:45:32","guid":{"rendered":"http:\/\/yourinkart.com\/?page_id=163"},"modified":"2024-01-17T12:09:21","modified_gmt":"2024-01-17T11:09:21","slug":"virtual-eyes","status":"publish","type":"page","link":"https:\/\/yourinkart.com\/index.php\/virtual-eyes\/","title":{"rendered":"VIRTUAL EYES &#8211; AKIRA GALAXY"},"content":{"rendered":"\n<figure class=\"wp-block-embed is-type-video is-provider-youtube wp-block-embed-youtube wp-embed-aspect-16-9 wp-has-aspect-ratio\"><div class=\"wp-block-embed__wrapper\">\n<div class=\"arve\" data-mode=\"normal\" data-oembed=\"1\" data-provider=\"youtube\" id=\"arve-youtube-nvp5nshijxu69e458454abb7052711609\">\n<span class=\"arve-inner\">\n<span class=\"arve-embed arve-embed--has-aspect-ratio\" style=\"aspect-ratio: 475 \/ 267\">\n<span class=\"arve-ar\" style=\"padding-top:56.210526%\"><\/span><iframe allow=\"accelerometer; autoplay; clipboard-write; encrypted-media; gyroscope; picture-in-picture\" allowfullscreen class=\"arve-iframe fitvidsignore\" data-arve=\"arve-youtube-nvp5nshijxu69e458454abb7052711609\" data-src-no-ap=\"https:\/\/www.youtube-nocookie.com\/embed\/nvp5nShIJXU?feature=oembed&amp;iv_load_policy=3&amp;modestbranding=1&amp;rel=0&amp;autohide=1&amp;playsinline=0&amp;autoplay=0\" frameborder=\"0\" height=\"0\" sandbox=\"allow-scripts allow-same-origin allow-presentation allow-popups allow-popups-to-escape-sandbox\" scrolling=\"no\" src=\"https:\/\/www.youtube-nocookie.com\/embed\/nvp5nShIJXU?feature=oembed&#038;iv_load_policy=3&#038;modestbranding=1&#038;rel=0&#038;autohide=1&#038;playsinline=0&#038;autoplay=0\"><\/iframe>\n\n<\/span>\n\n<\/span>\n<script type=\"application\/ld+json\">{\"@context\":\"http:\\\/\\\/schema.org\\\/\",\"@id\":\"https:\\\/\\\/yourinkart.com\\\/index.php\\\/virtual-eyes\\\/#arve-youtube-nvp5nshijxu69e458454abb7052711609\",\"type\":\"VideoObject\",\"embedURL\":\"https:\\\/\\\/www.youtube-nocookie.com\\\/embed\\\/nvp5nShIJXU?feature=oembed&iv_load_policy=3&modestbranding=1&rel=0&autohide=1&playsinline=0&autoplay=0\"}<\/script>\n<\/div>\n\n<\/div><\/figure>\n\n\n\n<div class=\"wp-block-group has-global-padding is-layout-constrained wp-block-group-is-layout-constrained\">\n<div class=\"wp-block-columns is-layout-flex wp-container-core-columns-is-layout-28f84493 wp-block-columns-is-layout-flex\">\n<div class=\"wp-block-column is-layout-flow wp-block-column-is-layout-flow\" style=\"flex-basis:100%\">\n<div class=\"wp-block-group is-vertical is-layout-flex wp-container-core-group-is-layout-fe9cc265 wp-block-group-is-layout-flex\">\n<figure class=\"wp-block-gallery has-nested-images columns-default is-cropped wp-block-gallery-1 is-layout-flex wp-block-gallery-is-layout-flex\">\n<figure class=\"wp-block-image size-full\"><img fetchpriority=\"high\" decoding=\"async\" width=\"522\" height=\"391\" data-id=\"233\" src=\"http:\/\/yourinkart.com\/wp-content\/uploads\/2023\/12\/Capture-decran-2023-12-28-a-17.51.17-edited.png\" alt=\"Jeune fille, hills, artistic, super 8 \" class=\"wp-image-233\" srcset=\"https:\/\/yourinkart.com\/wp-content\/uploads\/2023\/12\/Capture-decran-2023-12-28-a-17.51.17-edited.png 522w, https:\/\/yourinkart.com\/wp-content\/uploads\/2023\/12\/Capture-decran-2023-12-28-a-17.51.17-edited-300x225.png 300w\" sizes=\"(max-width: 522px) 100vw, 522px\" \/><\/figure>\n\n\n\n<figure class=\"wp-block-image size-full\"><img decoding=\"async\" width=\"494\" height=\"396\" data-id=\"229\" src=\"http:\/\/yourinkart.com\/wp-content\/uploads\/2023\/12\/Capture-decran-2023-12-28-a-17.51.12-edited.png\" alt=\"\" class=\"wp-image-229\" srcset=\"https:\/\/yourinkart.com\/wp-content\/uploads\/2023\/12\/Capture-decran-2023-12-28-a-17.51.12-edited.png 494w, https:\/\/yourinkart.com\/wp-content\/uploads\/2023\/12\/Capture-decran-2023-12-28-a-17.51.12-edited-300x240.png 300w\" sizes=\"(max-width: 494px) 100vw, 494px\" \/><\/figure>\n\n\n\n<figure class=\"wp-block-image size-full\"><img decoding=\"async\" width=\"538\" height=\"384\" data-id=\"231\" src=\"http:\/\/yourinkart.com\/wp-content\/uploads\/2023\/12\/Capture-decran-2023-12-28-a-17.51.02-edited.png\" alt=\"\" class=\"wp-image-231\" srcset=\"https:\/\/yourinkart.com\/wp-content\/uploads\/2023\/12\/Capture-decran-2023-12-28-a-17.51.02-edited.png 538w, https:\/\/yourinkart.com\/wp-content\/uploads\/2023\/12\/Capture-decran-2023-12-28-a-17.51.02-edited-300x214.png 300w\" sizes=\"(max-width: 538px) 100vw, 538px\" \/><\/figure>\n\n\n\n<figure class=\"wp-block-image size-full\"><img loading=\"lazy\" decoding=\"async\" width=\"515\" height=\"385\" data-id=\"230\" src=\"http:\/\/yourinkart.com\/wp-content\/uploads\/2023\/12\/Capture-decran-2023-12-28-a-17.50.52-edited.png\" alt=\"\" class=\"wp-image-230\" srcset=\"https:\/\/yourinkart.com\/wp-content\/uploads\/2023\/12\/Capture-decran-2023-12-28-a-17.50.52-edited.png 515w, https:\/\/yourinkart.com\/wp-content\/uploads\/2023\/12\/Capture-decran-2023-12-28-a-17.50.52-edited-300x224.png 300w\" sizes=\"(max-width: 515px) 100vw, 515px\" \/><\/figure>\n\n\n\n<figure class=\"wp-block-image size-full\"><img loading=\"lazy\" decoding=\"async\" width=\"514\" height=\"408\" data-id=\"232\" src=\"http:\/\/yourinkart.com\/wp-content\/uploads\/2023\/12\/Capture-decran-2023-12-28-a-17.51.07-edited.png\" alt=\"Capture d'\u00e9cran super 8 d'un labyrinthe o\u00f9 une femme porte une combinaison paillet\u00e9e.\" class=\"wp-image-232\" srcset=\"https:\/\/yourinkart.com\/wp-content\/uploads\/2023\/12\/Capture-decran-2023-12-28-a-17.51.07-edited.png 514w, https:\/\/yourinkart.com\/wp-content\/uploads\/2023\/12\/Capture-decran-2023-12-28-a-17.51.07-edited-300x238.png 300w\" sizes=\"(max-width: 514px) 100vw, 514px\" \/><\/figure>\n<\/figure>\n\n\n\n<div class=\"wp-block-group has-global-padding is-layout-constrained wp-block-group-is-layout-constrained\">\n<div class=\"wp-block-columns is-layout-flex wp-container-core-columns-is-layout-28f84493 wp-block-columns-is-layout-flex\">\n<div class=\"wp-block-column is-layout-flow wp-block-column-is-layout-flow\" style=\"flex-basis:100%\">\n<div class=\"wp-block-group has-global-padding is-layout-constrained wp-block-group-is-layout-constrained\"><\/div>\n<\/div>\n<\/div>\n<\/div>\n<\/div>\n<\/div>\n<\/div>\n<\/div>\n","protected":false},"excerpt":{"rendered":"","protected":false},"author":1,"featured_media":0,"parent":0,"menu_order":0,"comment_status":"closed","ping_status":"closed","template":"","meta":{"footnotes":""},"class_list":["post-163","page","type-page","status-publish","hentry"],"featured_media_urls":[],"_links":{"self":[{"href":"https:\/\/yourinkart.com\/index.php\/wp-json\/wp\/v2\/pages\/163","targetHints":{"allow":["GET"]}}],"collection":[{"href":"https:\/\/yourinkart.com\/index.php\/wp-json\/wp\/v2\/pages"}],"about":[{"href":"https:\/\/yourinkart.com\/index.php\/wp-json\/wp\/v2\/types\/page"}],"author":[{"embeddable":true,"href":"https:\/\/yourinkart.com\/index.php\/wp-json\/wp\/v2\/users\/1"}],"replies":[{"embeddable":true,"href":"https:\/\/yourinkart.com\/index.php\/wp-json\/wp\/v2\/comments?post=163"}],"version-history":[{"count":7,"href":"https:\/\/yourinkart.com\/index.php\/wp-json\/wp\/v2\/pages\/163\/revisions"}],"predecessor-version":[{"id":854,"href":"https:\/\/yourinkart.com\/index.php\/wp-json\/wp\/v2\/pages\/163\/revisions\/854"}],"wp:attachment":[{"href":"https:\/\/yourinkart.com\/index.php\/wp-json\/wp\/v2\/media?parent=163"}],"curies":[{"name":"wp","href":"https:\/\/api.w.org\/{rel}","templated":true}]}}