{"id":555,"date":"2024-01-09T16:02:51","date_gmt":"2024-01-09T15:02:51","guid":{"rendered":"http:\/\/yourinkart.com\/?page_id=555"},"modified":"2024-01-19T11:42:08","modified_gmt":"2024-01-19T10:42:08","slug":"scenographie","status":"publish","type":"page","link":"https:\/\/yourinkart.com\/index.php\/scenographie\/","title":{"rendered":"Sc\u00e9nographie"},"content":{"rendered":"\n<figure class=\"wp-block-image size-large is-resized\"><img fetchpriority=\"high\" decoding=\"async\" width=\"1024\" height=\"450\" src=\"http:\/\/yourinkart.com\/wp-content\/uploads\/2024\/01\/Capture-decran-2024-01-11-a-21.42.54-1024x450.png\" alt=\"\" class=\"wp-image-724\" style=\"width:1072px;height:auto\" srcset=\"https:\/\/yourinkart.com\/wp-content\/uploads\/2024\/01\/Capture-decran-2024-01-11-a-21.42.54-1024x450.png 1024w, https:\/\/yourinkart.com\/wp-content\/uploads\/2024\/01\/Capture-decran-2024-01-11-a-21.42.54-300x132.png 300w, https:\/\/yourinkart.com\/wp-content\/uploads\/2024\/01\/Capture-decran-2024-01-11-a-21.42.54.png 1292w\" sizes=\"(max-width: 1024px) 100vw, 1024px\" \/><\/figure>\n\n\n\n<div class=\"wp-block-columns is-layout-flex wp-container-core-columns-is-layout-28f84493 wp-block-columns-is-layout-flex\">\n<div class=\"wp-block-column is-layout-flow wp-block-column-is-layout-flow\">\n<p class=\"cvGsUA direction-ltr align-center para-style-body\"><span class=\"OYPEnA text-decoration-none text-strikethrough-none\"><strong>1:<\/strong> Sculpture en bois recycl\u00e9 lumineuse <\/span><\/p>\n<p class=\"cvGsUA direction-ltr align-center para-style-body\"><span class=\"OYPEnA text-decoration-none text-strikethrough-none\"><strong>2:<\/strong> Paravant spiral en carton <\/span><\/p>\n<p class=\"cvGsUA direction-ltr align-center para-style-body\"><span class=\"OYPEnA text-decoration-none text-strikethrough-none\"><strong>3:<\/strong> Box color\u00e9e <\/span><\/p>\n<p class=\"cvGsUA direction-ltr align-center para-style-body\"><span class=\"OYPEnA text-decoration-none text-strikethrough-none\"><strong>4:<\/strong> Serge en papier m\u00e2ch\u00e9<\/span><span class=\"OYPEnA text-decoration-none text-strikethrough-none white-space-prewrap\">\u00a0<\/span><\/p>\n<p class=\"cvGsUA direction-ltr align-center para-style-body\"><span class=\"OYPEnA text-decoration-none text-strikethrough-none\"><strong>5:<\/strong> Cible en bois recycl\u00e9 <\/span><\/p>\n<p class=\"cvGsUA direction-ltr align-center para-style-body\"><span class=\"OYPEnA text-decoration-none text-strikethrough-none\"><strong>6:<\/strong> Sculpture, et nuage en grillage de poule <\/span><\/p>\n<p class=\"cvGsUA direction-ltr align-center para-style-body\"><span class=\"OYPEnA text-decoration-none text-strikethrough-none\"><strong>7:<\/strong> Puzzle de miroirs r\u00e9utilis\u00e9s<\/span><\/p>\n<\/div>\n\n\n\n<div class=\"wp-block-column is-layout-flow wp-block-column-is-layout-flow\">\n<p class=\"cvGsUA direction-ltr align-center para-style-body\"><span class=\"OYPEnA text-decoration-none text-strikethrough-none\"><strong>8:<\/strong> Inspiration Christo et Jeanne-Claude <\/span><\/p>\n<p class=\"cvGsUA direction-ltr align-center para-style-body\"><span class=\"OYPEnA text-decoration-none text-strikethrough-none\"><strong>9:<\/strong> Barbie cake comestible <\/span><\/p>\n<p class=\"cvGsUA direction-ltr align-center para-style-body\"><span class=\"OYPEnA text-decoration-none text-strikethrough-none\"><strong>10:<\/strong> Pink World <\/span><\/p>\n<p class=\"cvGsUA direction-ltr align-center para-style-body\"><span class=\"OYPEnA text-decoration-none text-strikethrough-none\"><strong>11:<\/strong> Bougie en cire<\/span><\/p>\n<p class=\"cvGsUA direction-ltr align-center para-style-body\"><span class=\"OYPEnA text-decoration-none text-strikethrough-none\"><strong>12:<\/strong> Paravent en carton miroir r\u00e9utilis\u00e9 <\/span><\/p>\n<p class=\"cvGsUA direction-ltr align-center para-style-body\"><span class=\"OYPEnA text-decoration-none text-strikethrough-none\"><strong>13:<\/strong> Sculpture en bois recycl\u00e9 lumineuse<\/span><span class=\"OYPEnA text-decoration-none text-strikethrough-none white-space-prewrap\">\u00a0<\/span><\/p>\n<p class=\"cvGsUA direction-ltr align-center para-style-body\">\u00a0<\/p>\n<\/div>\n\n\n\n<div class=\"wp-block-column is-layout-flow wp-block-column-is-layout-flow\">\n<p class=\"cvGsUA direction-ltr align-center para-style-body\"><span class=\"OYPEnA text-decoration-none text-strikethrough-none\"><strong>14:<\/strong> jeu d\u2019\u00e9chec en argile <\/span><\/p>\n<p class=\"cvGsUA direction-ltr align-center para-style-body\"><span class=\"OYPEnA text-decoration-none text-strikethrough-none\"><strong>15:<\/strong> Red room <\/span><\/p>\n<p class=\"cvGsUA direction-ltr align-center para-style-body\"><span class=\"OYPEnA text-decoration-none text-strikethrough-none\"><strong>16:<\/strong> Statue en pl\u00e2tre <\/span><\/p>\n<p class=\"cvGsUA direction-ltr align-center para-style-body\"><span class=\"OYPEnA text-decoration-none text-strikethrough-none\"><strong>17:<\/strong> Statue en argile<\/span><span class=\"OYPEnA text-decoration-none text-strikethrough-none white-space-prewrap\">\u00a0<\/span><\/p>\n<p class=\"cvGsUA direction-ltr align-center para-style-body\"><span class=\"OYPEnA text-decoration-none text-strikethrough-none\"><strong>18:<\/strong> proth\u00e8se de visage<\/span><span class=\"OYPEnA text-decoration-none text-strikethrough-none white-space-prewrap\">\u00a0<\/span><\/p>\n<p class=\"cvGsUA direction-ltr align-center para-style-body\"><span class=\"OYPEnA text-decoration-none text-strikethrough-none\"><strong>19:<\/strong> Conception de proth\u00e8se en latex<\/span><\/p>\n<\/div>\n<\/div>\n","protected":false},"excerpt":{"rendered":"<p>1: Sculpture en bois recycl\u00e9 lumineuse 2: Paravant spiral en carton 3: Box color\u00e9e 4: Serge en papier m\u00e2ch\u00e9\u00a0 5: Cible en bois recycl\u00e9 6: Sculpture, et nuage en grillage de poule 7: Puzzle de miroirs r\u00e9utilis\u00e9s 8: Inspiration Christo et Jeanne-Claude 9: Barbie cake comestible 10: Pink World 11: Bougie en cire 12: Paravent &hellip; <\/p>\n<p class=\"link-more\"><a href=\"https:\/\/yourinkart.com\/index.php\/scenographie\/\" class=\"more-link\">Lire la suite de<span class=\"screen-reader-text\">\u00ab\u00a0Sc\u00e9nographie\u00a0\u00bb<\/span><\/a><\/p>\n","protected":false},"author":1,"featured_media":0,"parent":0,"menu_order":0,"comment_status":"closed","ping_status":"closed","template":"","meta":{"footnotes":""},"class_list":["post-555","page","type-page","status-publish","hentry"],"featured_media_urls":[],"_links":{"self":[{"href":"https:\/\/yourinkart.com\/index.php\/wp-json\/wp\/v2\/pages\/555","targetHints":{"allow":["GET"]}}],"collection":[{"href":"https:\/\/yourinkart.com\/index.php\/wp-json\/wp\/v2\/pages"}],"about":[{"href":"https:\/\/yourinkart.com\/index.php\/wp-json\/wp\/v2\/types\/page"}],"author":[{"embeddable":true,"href":"https:\/\/yourinkart.com\/index.php\/wp-json\/wp\/v2\/users\/1"}],"replies":[{"embeddable":true,"href":"https:\/\/yourinkart.com\/index.php\/wp-json\/wp\/v2\/comments?post=555"}],"version-history":[{"count":10,"href":"https:\/\/yourinkart.com\/index.php\/wp-json\/wp\/v2\/pages\/555\/revisions"}],"predecessor-version":[{"id":1038,"href":"https:\/\/yourinkart.com\/index.php\/wp-json\/wp\/v2\/pages\/555\/revisions\/1038"}],"wp:attachment":[{"href":"https:\/\/yourinkart.com\/index.php\/wp-json\/wp\/v2\/media?parent=555"}],"curies":[{"name":"wp","href":"https:\/\/api.w.org\/{rel}","templated":true}]}}